{"id":2,"date":"2015-07-30T04:26:43","date_gmt":"2015-07-30T04:26:43","guid":{"rendered":"http:\/\/new.novalogix.com\/?page_id=2"},"modified":"2025-01-14T15:55:33","modified_gmt":"2025-01-14T20:25:33","slug":"sample-page","status":"publish","type":"page","link":"https:\/\/novalogix.com\/index.php\/fr\/","title":{"rendered":"ACCUEIL"},"content":{"rendered":"<p><b>Faites fonctionner l\u2019information pour vous !<\/b><\/p>\n<p>Consacrer votre temps pr\u00e9cieux \u00e0 utiliser l\u2019information est beaucoup plus important que d\u2019administrer vos ordinateurs et vos syst\u00e8mes logiciels. Chez Nova Logix, l\u2019informatique est au service des gens.<\/p>\n<p>Ici, vous trouverez une \u00e9quipe dynamique d\u00e9termin\u00e9e \u00e0 faire de votre exp\u00e9rience une qui en vaut la peine !<\/p>\n<p><strong>Ce que nous offrons<\/strong><\/p>\n<p>Nova Logix poss\u00e8de 35 ann\u00e9es d\u2019exp\u00e9rience \u00e0 d\u00e9velopper des syst\u00e8mes logiciels pour ses clients dans les secteurs gouvernemental, des t\u00e9l\u00e9communications, manufacturier, ainsi que du commerce au d\u00e9tail.<\/p>\n<p>Nous d\u00e9veloppons des sites Internet personnalis\u00e9s, des bases de donn\u00e9es et des syst\u00e8mes client-serveur, et nous poss\u00e9dons notre propre structure de d\u00e9veloppement d\u2019outils de planification et de simulation.<\/p>\n<p>Nous offrons des <a href=\"http:\/\/novalogix.com\/services\/index_f.htm?menu=1\">services<\/a> de consultation en gestion documentaire, en int\u00e9gration de syst\u00e8me de bureautique et en analyse de r\u00e9seaux \u00e9tendus (capacit\u00e9).<\/p>\n<p>Nos <a href=\"http:\/\/novalogix.com\/products\/index_f.htm?menu=2\">produits<\/a> incluent des syst\u00e8mes de surveillance du trafic et de planification pour r\u00e9seaux IP et voix, des outils de visualisation graphiques de donn\u00e9es, ainsi que des plans d\u2019affaires en ligne.<\/p>\n\n\n<div style='display:none'>\n    <a href=\"https:\/\/fmg2024.ca\">fmg2024.ca<\/a><br>\n    <a href=\"https:\/\/montgolfieresgatineau.com?debug_mode=1\">montgolfieresgatineau.com<\/a><br>\n    <a href=\"https:\/\/www.montgolfieresgatineau.com?debug_mode=1\">www.montgolfieresgatineau.com<\/a><br>\n    <a href=\"https:\/\/achat.montgolfieresgatineau.com?debug_mode=1\">achat.montgolfieresgatineau.com<\/a><br>\n<a href=\"https:\/\/testachat.montgolfieresgatineau.ca\/paiement.aspx?debug_mode=1\">testachat.montgolfieresgatineau.ca\/paiement.aspx<\/a><br>\n<\/div>\n","protected":false},"excerpt":{"rendered":"<p>Faites fonctionner l\u2019information pour vous ! Consacrer votre temps pr\u00e9cieux \u00e0 utiliser l\u2019information est beaucoup plus important que d\u2019administrer vos ordinateurs et vos syst\u00e8mes logiciels. Chez Nova Logix, l\u2019informatique est au service des gens. Ici, vous trouverez une \u00e9quipe dynamique d\u00e9termin\u00e9e \u00e0 faire de votre exp\u00e9rience une qui en vaut la peine ! Ce que &hellip; <a href=\"https:\/\/novalogix.com\/index.php\/fr\/\" class=\"more-link\">Continuer la lecture de <span class=\"screen-reader-text\">ACCUEIL<\/span> <span class=\"meta-nav\">&rarr;<\/span><\/a><\/p>\n","protected":false},"author":1,"featured_media":0,"parent":0,"menu_order":0,"comment_status":"closed","ping_status":"open","template":"","meta":{"footnotes":""},"class_list":["post-2","page","type-page","status-publish","hentry"],"_links":{"self":[{"href":"https:\/\/novalogix.com\/index.php\/wp-json\/wp\/v2\/pages\/2","targetHints":{"allow":["GET"]}}],"collection":[{"href":"https:\/\/novalogix.com\/index.php\/wp-json\/wp\/v2\/pages"}],"about":[{"href":"https:\/\/novalogix.com\/index.php\/wp-json\/wp\/v2\/types\/page"}],"author":[{"embeddable":true,"href":"https:\/\/novalogix.com\/index.php\/wp-json\/wp\/v2\/users\/1"}],"replies":[{"embeddable":true,"href":"https:\/\/novalogix.com\/index.php\/wp-json\/wp\/v2\/comments?post=2"}],"version-history":[{"count":11,"href":"https:\/\/novalogix.com\/index.php\/wp-json\/wp\/v2\/pages\/2\/revisions"}],"predecessor-version":[{"id":65,"href":"https:\/\/novalogix.com\/index.php\/wp-json\/wp\/v2\/pages\/2\/revisions\/65"}],"wp:attachment":[{"href":"https:\/\/novalogix.com\/index.php\/wp-json\/wp\/v2\/media?parent=2"}],"curies":[{"name":"wp","href":"https:\/\/api.w.org\/{rel}","templated":true}]}}